{"id":4146,"date":"2021-09-20T09:29:01","date_gmt":"2021-09-20T12:29:01","guid":{"rendered":"https:\/\/casaembalagens.com.br\/?page_id=4146"},"modified":"2021-09-20T09:30:31","modified_gmt":"2021-09-20T12:30:31","slug":"lgpd","status":"publish","type":"page","link":"http:\/\/casaembalagens.com.br\/?page_id=4146","title":{"rendered":"LGPD \u2013 Lei Geral de Prote\u00e7\u00e3o de Dados"},"content":{"rendered":"<p>[vc_row][vc_column][vc_column_text]<strong><u>LGPD \u2013 Lei Geral de Prote\u00e7\u00e3o de Dados<\/u><\/strong><\/p>\n<ul>\n<li><strong>Conhe\u00e7a a nossa Pol\u00edtica de Privacidade<\/strong><\/li>\n<\/ul>\n<p>A LGPD (Lei n\u00ba 13.709\/2018) \u00e9 a lei brasileira que regula as atividades de tratamento de dados pessoais, fundamentada principalmente no respeito \u00e0 sua privacidade. Essa lei estabelece condi\u00e7\u00f5es espec\u00edficas para justificar o tratamento de dados pessoais, e a nossa empresa respeita todas elas. Todos os nossos processos, produtos e servi\u00e7os est\u00e3o em constante observa\u00e7\u00e3o para garantir que estejam sempre adequados \u00e0 LGPD e aos princ\u00edpios de prote\u00e7\u00e3o de dados pessoais por ela estabelecidos.<\/p>\n<p>A sua privacidade \u00e9 importante para n\u00f3s. \u00c9 pol\u00edtica da Casa das Embalagens respeitar a privacidade relativa a qualquer informa\u00e7\u00e3o sua que possamos coletar presencialmente em nosso estabelecimento, por telefone, pelo WhatsApp ou no site<\/p>\n<p>www.casaembalagens.com.br<\/p>\n<p>Solicitamos dados pessoais apenas quando realmente precisamos deles para lhe prestar o servi\u00e7o necess\u00e1rio ou para eventuais descontos. Com o seu conhecimento e consentimento, recolhemos os seguintes dados com as respectivas finalidades e bases legais:<\/p>\n<p>&nbsp;<\/p>\n<table border=\"2px\">\n<tbody>\n<tr>\n<td><strong>Tipo de Dados<\/strong><\/td>\n<td><strong>Finalidade<\/strong><\/td>\n<td><strong>Base Legal<\/strong><\/td>\n<\/tr>\n<tr>\n<td>Nome, RG, CPF, data de nascimento, endere\u00e7o, nome dos pais<\/td>\n<td>Dados pessoais essenciais para a presta\u00e7\u00e3o dos servi\u00e7os e descontos em nossos produtos<\/td>\n<td>Consentimento e execu\u00e7\u00e3o de contrato \/ cumprimento de obriga\u00e7\u00e3o legal<\/td>\n<\/tr>\n<tr>\n<td>Telefone e e-mail<\/td>\n<td>Dado pessoal recolhido para dar ci\u00eancia ao cliente sobre descontos, promo\u00e7\u00f5es, e para eventuais solicita\u00e7\u00f5es<\/td>\n<td>Consentimento e execu\u00e7\u00e3o de contrato<\/td>\n<\/tr>\n<tr>\n<td>Cookies de navega\u00e7\u00e3o<\/td>\n<td>Dados coletados durante a navega\u00e7\u00e3o em nosso website, com o intuito de permitir e melhorar a sua experi\u00eancia de uso<\/td>\n<td>Consentimento<\/td>\n<\/tr>\n<\/tbody>\n<\/table>\n<p>Apenas retemos as informa\u00e7\u00f5es coletadas pelo tempo necess\u00e1rio para fornecer o servi\u00e7o solicitado. Quando armazenamos dados pessoais, garantimos a prote\u00e7\u00e3o destes, evitando a utiliza\u00e7\u00e3o ou acesso n\u00e3o autorizados.<\/p>\n<p>N\u00e3o compartilhamos informa\u00e7\u00f5es pessoais publicamente ou com terceiros, exceto quando exigido por lei.<\/p>\n<p>O nosso site pode ter links para sites externos que n\u00e3o s\u00e3o operados por n\u00f3s. Esteja ciente de que n\u00e3o temos controle sobre o conte\u00fado e pr\u00e1ticas desses sites e n\u00e3o podemos aceitar responsabilidade por suas respectivas pol\u00edticas de privacidade.<\/p>\n<p>Voc\u00ea \u00e9 livre para recusar a nossa solicita\u00e7\u00e3o de informa\u00e7\u00f5es pessoais. Por\u00e9m, esta recusa pode inviabilizar a presta\u00e7\u00e3o de alguns de nossos servi\u00e7os.<\/p>\n<p>O uso continuado de nosso site ser\u00e1 considerado como aceita\u00e7\u00e3o de nossas pr\u00e1ticas em torno de privacidade e informa\u00e7\u00f5es pessoais.<\/p>\n<p>&nbsp;<\/p>\n<ul>\n<li><strong>Gest\u00e3o de Cookies<\/strong><\/li>\n<\/ul>\n<p><strong>O que s\u00e3o Cookies?<\/strong><\/p>\n<p>Cookies s\u00e3o pequenos arquivos de texto ou fragmentos de informa\u00e7\u00e3o que s\u00e3o baixados em seu computador, smartphone ou qualquer outro dispositivo com acesso \u00e0 internet quando voc\u00ea visita a nossa aplica\u00e7\u00e3o. Eles cont\u00eam informa\u00e7\u00f5es sobre a sua navega\u00e7\u00e3o em nossas p\u00e1ginas e ret\u00eam apenas dados relacionados as suas prefer\u00eancias.<\/p>\n<p>Assim, essa p\u00e1gina consegue armazenar e recuperar os dados sobre os seus h\u00e1bitos de navega\u00e7\u00e3o, de forma a melhorar a experi\u00eancia de uso, por exemplo. \u00c9 importante frisar que eles n\u00e3o cont\u00eam informa\u00e7\u00f5es pessoais espec\u00edficas, como dados sens\u00edveis ou banc\u00e1rios.<\/p>\n<p>O seu navegador armazena os cookies no disco r\u00edgido, mas ocupam um espa\u00e7o de mem\u00f3ria m\u00ednimo, que n\u00e3o afetam o desempenho do seu computador\/celular. A maioria das informa\u00e7\u00f5es s\u00e3o apagadas logo ao encerrar a sess\u00e3o, como voc\u00ea ver\u00e1 no pr\u00f3ximo t\u00f3pico.<\/p>\n<p>&nbsp;<\/p>\n<p><strong>Quais os tipos de cookies e quais as finalidades deles?<\/strong><\/p>\n<p>Os cookies, quanto a seus propriet\u00e1rios, podem ser:<\/p>\n<ul>\n<li><u>Cookies propriet\u00e1rios<\/u>: s\u00e3o cookies definidos por n\u00f3s ou por terceiros em nosso nome.<\/li>\n<li><u>Cookies de terceiros<\/u>: s\u00e3o cookies definidos por terceiros confi\u00e1veis em nossa aplica\u00e7\u00e3o.<\/li>\n<\/ul>\n<p>Os cookies, quanto ao seu tempo de vida, podem ser:<\/p>\n<ul>\n<li><u>Cookies de sess\u00e3o ou tempor\u00e1rios<\/u>: s\u00e3o cookies que expiram assim que voc\u00ea fecha o seu navegador, encerrando a sess\u00e3o.<\/li>\n<li><u>Cookies persistentes ou permanentes<\/u>: s\u00e3o cookies que permanecem no seu dispositivo durante um per\u00edodo determinado ou at\u00e9 que voc\u00ea os exclua.<\/li>\n<\/ul>\n<p>Os cookies, quanto a sua finalidade, podem ser:<\/p>\n<ul>\n<li><u>Cookies necess\u00e1rios<\/u>: s\u00e3o cookies essenciais que possibilitam a navega\u00e7\u00e3o em nosso site e o acesso a todos os recursos; sem estes, nossos servi\u00e7os podem apresentar mal desempenho ou n\u00e3o funcionar.<\/li>\n<li><u>Cookies de desempenho<\/u>: s\u00e3o cookies que otimizam a forma que nossas aplica\u00e7\u00f5es funcionam, coletando informa\u00e7\u00f5es an\u00f4nimas sobre as p\u00e1ginas acessadas.<\/li>\n<li><u>Cookies de funcionalidade<\/u>: s\u00e3o cookies que memorizam suas prefer\u00eancias e escolhas (como seu nome de usu\u00e1rio).<\/li>\n<li><u>Cookies de publicidade<\/u>: s\u00e3o cookies que direcionam an\u00fancios em fun\u00e7\u00e3o dos seus interesses e limitam a quantidade de vezes que o an\u00fancio aparece.<\/li>\n<\/ul>\n<p>&nbsp;<\/p>\n<p><strong>Por que usamos cookies?<\/strong><\/p>\n<p>A Casa das Embalagens utiliza cookies para fornecer a melhor experi\u00eancia de uso, tornando o nosso site mais f\u00e1cil e personalizado, tendo por base suas escolhas e comportamento de navega\u00e7\u00e3o.<\/p>\n<p>&nbsp;<\/p>\n<p><strong>Quais cookies utilizamos?<\/strong><\/p>\n<p>A Casa das Embalagens utiliza apenas cookies necess\u00e1rios, os quais s\u00e3o fundamentais para a operacionaliza\u00e7\u00e3o de nosso site. Sem eles, o acesso a nosso site seria imposs\u00edvel. Por isso, est\u00e3o sempre ativados.<\/p>\n<p>&nbsp;<\/p>\n<p><strong>D\u00favidas?<\/strong><\/p>\n<p>Se voc\u00ea tiver alguma d\u00favida sobre como lidamos com seus dados pessoais ou sobre a pol\u00edtica de cookies, entre em contato conosco atrav\u00e9s do e-mail: comercial@casaembalagens.com.br[\/vc_column_text][\/vc_column][\/vc_row]<\/p>\n","protected":false},"excerpt":{"rendered":"<p>[vc_row][vc_column][vc_column_text]LGPD \u2013 Lei Geral de Prote\u00e7\u00e3o de Dados Conhe\u00e7a a nossa Pol\u00edtica de Privacidade A LGPD (Lei n\u00ba 13.709\/2018) \u00e9 a lei brasileira que regula as atividades de tratamento de dados pessoais, fundamentada principalmente no respeito \u00e0 sua privacidade. Essa lei estabelece condi\u00e7\u00f5es espec\u00edficas para justificar o tratamento de dados pessoais, e a nossa empresa [&hellip;]<\/p>\n","protected":false},"author":1,"featured_media":0,"parent":0,"menu_order":0,"comment_status":"closed","ping_status":"closed","template":"page-visual-composer.php","meta":{"footnotes":""},"class_list":["post-4146","page","type-page","status-publish","hentry"],"_links":{"self":[{"href":"http:\/\/casaembalagens.com.br\/index.php?rest_route=\/wp\/v2\/pages\/4146","targetHints":{"allow":["GET"]}}],"collection":[{"href":"http:\/\/casaembalagens.com.br\/index.php?rest_route=\/wp\/v2\/pages"}],"about":[{"href":"http:\/\/casaembalagens.com.br\/index.php?rest_route=\/wp\/v2\/types\/page"}],"author":[{"embeddable":true,"href":"http:\/\/casaembalagens.com.br\/index.php?rest_route=\/wp\/v2\/users\/1"}],"replies":[{"embeddable":true,"href":"http:\/\/casaembalagens.com.br\/index.php?rest_route=%2Fwp%2Fv2%2Fcomments&post=4146"}],"version-history":[{"count":2,"href":"http:\/\/casaembalagens.com.br\/index.php?rest_route=\/wp\/v2\/pages\/4146\/revisions"}],"predecessor-version":[{"id":4150,"href":"http:\/\/casaembalagens.com.br\/index.php?rest_route=\/wp\/v2\/pages\/4146\/revisions\/4150"}],"wp:attachment":[{"href":"http:\/\/casaembalagens.com.br\/index.php?rest_route=%2Fwp%2Fv2%2Fmedia&parent=4146"}],"curies":[{"name":"wp","href":"https:\/\/api.w.org\/{rel}","templated":true}]}}