{"id":4083,"date":"2021-08-18T13:43:39","date_gmt":"2021-08-18T16:43:39","guid":{"rendered":"https:\/\/casaembalagens.com.br\/produto\/limpa-piso-5l-barbarex\/"},"modified":"2023-04-17T13:12:40","modified_gmt":"2023-04-17T16:12:40","slug":"limpa-piso-5l-barbarex","status":"publish","type":"product","link":"http:\/\/casaembalagens.com.br\/?product=limpa-piso-5l-barbarex","title":{"rendered":"LIMPA PISO 5L (BARBAREX)"},"content":{"rendered":"<p>Indicado para cer\u00e2mica e porcelanato. Aplicado em pisos lav\u00e1veis de cozinha, banheiros, salas e dormit\u00f3rios, \u00e9 a maneira mais r\u00e1pida e pr\u00e1tica de manter o brilho. N\u00e3o precisa enxaguar.<\/p>\n","protected":false},"excerpt":{"rendered":"<p>Indicado para cer\u00e2mica e porcelanato. Aplicado em pisos lav\u00e1veis de cozinha, banheiros, salas e dormit\u00f3rios, \u00e9 a maneira mais r\u00e1pida e pr\u00e1tica de manter o brilho. N\u00e3o precisa enxaguar.<\/p>\n","protected":false},"featured_media":0,"comment_status":"open","ping_status":"closed","template":"","meta":[],"product_cat":[15],"product_tag":[],"class_list":{"0":"post-4083","1":"product","2":"type-product","3":"status-publish","5":"product_cat-geral","7":"first","8":"instock","9":"shipping-taxable","10":"purchasable","11":"product-type-simple"},"_links":{"self":[{"href":"http:\/\/casaembalagens.com.br\/index.php?rest_route=\/wp\/v2\/product\/4083","targetHints":{"allow":["GET"]}}],"collection":[{"href":"http:\/\/casaembalagens.com.br\/index.php?rest_route=\/wp\/v2\/product"}],"about":[{"href":"http:\/\/casaembalagens.com.br\/index.php?rest_route=\/wp\/v2\/types\/product"}],"replies":[{"embeddable":true,"href":"http:\/\/casaembalagens.com.br\/index.php?rest_route=%2Fwp%2Fv2%2Fcomments&post=4083"}],"wp:attachment":[{"href":"http:\/\/casaembalagens.com.br\/index.php?rest_route=%2Fwp%2Fv2%2Fmedia&parent=4083"}],"wp:term":[{"taxonomy":"product_cat","embeddable":true,"href":"http:\/\/casaembalagens.com.br\/index.php?rest_route=%2Fwp%2Fv2%2Fproduct_cat&post=4083"},{"taxonomy":"product_tag","embeddable":true,"href":"http:\/\/casaembalagens.com.br\/index.php?rest_route=%2Fwp%2Fv2%2Fproduct_tag&post=4083"}],"curies":[{"name":"wp","href":"https:\/\/api.w.org\/{rel}","templated":true}]}}