{"id":4112,"date":"2021-08-24T16:33:36","date_gmt":"2021-08-24T19:33:36","guid":{"rendered":"https:\/\/casaembalagens.com.br\/produto\/lava-roupas-5l-barbarex\/"},"modified":"2023-03-10T10:31:51","modified_gmt":"2023-03-10T13:31:51","slug":"lava-roupas-5l-barbarex","status":"publish","type":"product","link":"http:\/\/casaembalagens.com.br\/?product=lava-roupas-5l-barbarex","title":{"rendered":"LAVA ROUPAS 5L (BARBAREX)"},"content":{"rendered":"<p>O Lava Roupas L\u00edquido Barbarex \u00e9 um produto de alta tecnologia, pr\u00e1tico e eficiente. Sua f\u00f3rmula ajuda na remo\u00e7\u00e3o das manchas mais dif\u00edceis com excelente poder de limpeza sem prejudicar o meio ambiente.<\/p>\n","protected":false},"excerpt":{"rendered":"<p>O Lava Roupas L\u00edquido Barbarex \u00e9 um produto de alta tecnologia, pr\u00e1tico e eficiente. Sua f\u00f3rmula ajuda na remo\u00e7\u00e3o das manchas mais dif\u00edceis com excelente poder de limpeza sem prejudicar o meio ambiente.<\/p>\n","protected":false},"featured_media":0,"comment_status":"open","ping_status":"closed","template":"","meta":[],"product_cat":[15],"product_tag":[],"class_list":{"0":"post-4112","1":"product","2":"type-product","3":"status-publish","5":"product_cat-geral","7":"first","8":"instock","9":"shipping-taxable","10":"purchasable","11":"product-type-simple"},"_links":{"self":[{"href":"http:\/\/casaembalagens.com.br\/index.php?rest_route=\/wp\/v2\/product\/4112","targetHints":{"allow":["GET"]}}],"collection":[{"href":"http:\/\/casaembalagens.com.br\/index.php?rest_route=\/wp\/v2\/product"}],"about":[{"href":"http:\/\/casaembalagens.com.br\/index.php?rest_route=\/wp\/v2\/types\/product"}],"replies":[{"embeddable":true,"href":"http:\/\/casaembalagens.com.br\/index.php?rest_route=%2Fwp%2Fv2%2Fcomments&post=4112"}],"wp:attachment":[{"href":"http:\/\/casaembalagens.com.br\/index.php?rest_route=%2Fwp%2Fv2%2Fmedia&parent=4112"}],"wp:term":[{"taxonomy":"product_cat","embeddable":true,"href":"http:\/\/casaembalagens.com.br\/index.php?rest_route=%2Fwp%2Fv2%2Fproduct_cat&post=4112"},{"taxonomy":"product_tag","embeddable":true,"href":"http:\/\/casaembalagens.com.br\/index.php?rest_route=%2Fwp%2Fv2%2Fproduct_tag&post=4112"}],"curies":[{"name":"wp","href":"https:\/\/api.w.org\/{rel}","templated":true}]}}