{"id":4113,"date":"2021-08-24T16:49:32","date_gmt":"2021-08-24T19:49:32","guid":{"rendered":"https:\/\/casaembalagens.com.br\/produto\/agua-sanitaria-5l-harcclin\/"},"modified":"2023-04-14T09:39:54","modified_gmt":"2023-04-14T12:39:54","slug":"agua-sanitaria-5l-harcclin","status":"publish","type":"product","link":"http:\/\/casaembalagens.com.br\/?product=agua-sanitaria-5l-harcclin","title":{"rendered":"AGUA SANITARIA 5L (HARCCLIN)"},"content":{"rendered":"<p>A \u00e1gua sanit\u00e1ria Harcclin Harmoniex, Alveja, desinfeta e Limpa.||Possui formula\u00e7\u00e3o balanceada que garante excelente desempenho.||Com tripla a\u00e7\u00e3o , pois possui a\u00e7\u00e3o bactericida, alvejante (branqueamento) e desodorizante (elimina\u00e7\u00e3o odores).<\/p>\n","protected":false},"excerpt":{"rendered":"<p>A \u00e1gua sanit\u00e1ria Harcclin Harmoniex, Alveja, desinfeta e Limpa.||Possui formula\u00e7\u00e3o balanceada que garante excelente desempenho.||Com tripla a\u00e7\u00e3o , pois possui a\u00e7\u00e3o bactericida, alvejante (branqueamento) e desodorizante (elimina\u00e7\u00e3o odores).<\/p>\n","protected":false},"featured_media":0,"comment_status":"open","ping_status":"closed","template":"","meta":[],"product_cat":[15],"product_tag":[],"class_list":{"0":"post-4113","1":"product","2":"type-product","3":"status-publish","5":"product_cat-geral","7":"first","8":"instock","9":"shipping-taxable","10":"purchasable","11":"product-type-simple"},"_links":{"self":[{"href":"http:\/\/casaembalagens.com.br\/index.php?rest_route=\/wp\/v2\/product\/4113","targetHints":{"allow":["GET"]}}],"collection":[{"href":"http:\/\/casaembalagens.com.br\/index.php?rest_route=\/wp\/v2\/product"}],"about":[{"href":"http:\/\/casaembalagens.com.br\/index.php?rest_route=\/wp\/v2\/types\/product"}],"replies":[{"embeddable":true,"href":"http:\/\/casaembalagens.com.br\/index.php?rest_route=%2Fwp%2Fv2%2Fcomments&post=4113"}],"wp:attachment":[{"href":"http:\/\/casaembalagens.com.br\/index.php?rest_route=%2Fwp%2Fv2%2Fmedia&parent=4113"}],"wp:term":[{"taxonomy":"product_cat","embeddable":true,"href":"http:\/\/casaembalagens.com.br\/index.php?rest_route=%2Fwp%2Fv2%2Fproduct_cat&post=4113"},{"taxonomy":"product_tag","embeddable":true,"href":"http:\/\/casaembalagens.com.br\/index.php?rest_route=%2Fwp%2Fv2%2Fproduct_tag&post=4113"}],"curies":[{"name":"wp","href":"https:\/\/api.w.org\/{rel}","templated":true}]}}