{"id":4123,"date":"2021-09-17T10:15:54","date_gmt":"2021-09-17T13:15:54","guid":{"rendered":"https:\/\/casaembalagens.com.br\/produto\/agua-sanitaria-5l-candura\/"},"modified":"2023-08-03T09:00:57","modified_gmt":"2023-08-03T12:00:57","slug":"agua-sanitaria-5l-candura","status":"publish","type":"product","link":"http:\/\/casaembalagens.com.br\/?product=agua-sanitaria-5l-candura","title":{"rendered":"AGUA SANITARIA 5L (CANDURA)"},"content":{"rendered":"<p>Limpeza de Pias, Banheiras, Privadas, Pisos de Cer\u00e2mica e Azulejos: Adicione 2 copos (100ml) de \u00c1gua Sanit\u00e1ria Candura para 1 litro de \u00e1gua, aplique e deixe agir por 1 hora para remover manchas. Privadas e Ralos: Para limpar e tirar manchas, despeje 1\/2 copo (100ml) de \u00c1gua Sanit\u00e1ria Candura pura dentro de ralos e privadas, deixar agir por 10 minutos, depois enxaguar ou dar descarga.||Para Tecidos (Algod\u00e3o, Nylon, Dacron etc.): Como Alvejante: 1 copo (200ml) de \u00c1gua Sanit\u00e1ria Candura para cada 20 litros de \u00e1gua, diluir na \u00e1gua antes de por na roupa, deixe agir por 30 minutos (n\u00e3o usar em roupas desbot\u00e1veis). Manchas: Frutas, Verduras, Caf\u00e9, Tinta ou Rem\u00e9dios: Deixar a roupa na \u00e1gua (5 litros) com 1\/2 copo (100ml) de \u00e1gua sanit\u00e1ria candura de 5 a 15 minutos, depois enxaguar.||Caixas D&#8217;\u00c1gua: Para limpar e desinfetar, esvazie a caixa, limpe as paredes e o fundo esfregando com uma esponja (sem nenhum produto), em seguida encha a caixa adicionando 1 litro de \u00c1gua Sanit\u00e1ria Candura para cada 1000 litros de \u00e1gua, deixe agir por 2 horas, esvazie a caixa, fa\u00e7a um enx\u00e1gue da caixa antes de ench\u00ea-la para uso.||Desinfec\u00e7\u00e3o de Frutas, Verduras e Legumes: Efetuar uma pr\u00e9-lavagem com \u00e1gua limpa nas frutas, verduras e legumes para eliminar a terra e outros res\u00edduos. Em um recipiente adequado, diluir 1 colher de sopa (8ml) de \u00c1gua Sanit\u00e1ria Candura em 1 litro de \u00e1gua limpa. Mergulhar completamente as frutas, verduras e legumes e deixar agir por 10 minutos. Logo ap\u00f3s, enxaguar com \u00e1gua limpa e escorrer.<\/p>\n","protected":false},"excerpt":{"rendered":"<p>Limpeza de Pias, Banheiras, Privadas, Pisos de Cer\u00e2mica e Azulejos: Adicione 2 copos (100ml) de \u00c1gua Sanit\u00e1ria Candura para 1 litro de \u00e1gua, aplique e deixe agir por 1 hora para remover manchas. Privadas e Ralos: Para limpar e tirar manchas, despeje 1\/2 copo (100ml) de \u00c1gua Sanit\u00e1ria Candura pura dentro de ralos e privadas, deixar agir por 10 minutos, depois enxaguar ou dar descarga.||Para Tecidos (Algod\u00e3o, Nylon, Dacron etc.): Como Alvejante: 1 copo (200ml) de \u00c1gua Sanit\u00e1ria Candura para cada 20 litros de \u00e1gua, diluir na \u00e1gua antes de por na roupa, deixe agir por 30 minutos (n\u00e3o usar em roupas desbot\u00e1veis). Manchas: Frutas, Verduras, Caf\u00e9, Tinta ou Rem\u00e9dios: Deixar a roupa na \u00e1gua (5 litros) com 1\/2 copo (100ml) de \u00e1gua sanit\u00e1ria candura de 5 a 15 minutos, depois enxaguar.||Caixas D&#8217;\u00c1gua: Para limpar e desinfetar, esvazie a caixa, limpe as paredes e o fundo esfregando com uma esponja (sem nenhum produto), em seguida encha a caixa adicionando 1 litro de \u00c1gua Sanit\u00e1ria Candura para cada 1000 litros de \u00e1gua, deixe agir por 2 horas, esvazie a caixa, fa\u00e7a um enx\u00e1gue da caixa antes de ench\u00ea-la para uso.||Desinfec\u00e7\u00e3o de Frutas, Verduras e Legumes: Efetuar uma pr\u00e9-lavagem com \u00e1gua limpa nas frutas, verduras e legumes para eliminar a terra e outros res\u00edduos. Em um recipiente adequado, diluir 1 colher de sopa (8ml) de \u00c1gua Sanit\u00e1ria Candura em 1 litro de \u00e1gua limpa. Mergulhar completamente as frutas, verduras e legumes e deixar agir por 10 minutos. Logo ap\u00f3s, enxaguar com \u00e1gua limpa e escorrer.<\/p>\n","protected":false},"featured_media":0,"comment_status":"open","ping_status":"closed","template":"","meta":[],"product_cat":[15],"product_tag":[],"class_list":{"0":"post-4123","1":"product","2":"type-product","3":"status-publish","5":"product_cat-geral","7":"first","8":"outofstock","9":"shipping-taxable","10":"purchasable","11":"product-type-simple"},"_links":{"self":[{"href":"http:\/\/casaembalagens.com.br\/index.php?rest_route=\/wp\/v2\/product\/4123","targetHints":{"allow":["GET"]}}],"collection":[{"href":"http:\/\/casaembalagens.com.br\/index.php?rest_route=\/wp\/v2\/product"}],"about":[{"href":"http:\/\/casaembalagens.com.br\/index.php?rest_route=\/wp\/v2\/types\/product"}],"replies":[{"embeddable":true,"href":"http:\/\/casaembalagens.com.br\/index.php?rest_route=%2Fwp%2Fv2%2Fcomments&post=4123"}],"wp:attachment":[{"href":"http:\/\/casaembalagens.com.br\/index.php?rest_route=%2Fwp%2Fv2%2Fmedia&parent=4123"}],"wp:term":[{"taxonomy":"product_cat","embeddable":true,"href":"http:\/\/casaembalagens.com.br\/index.php?rest_route=%2Fwp%2Fv2%2Fproduct_cat&post=4123"},{"taxonomy":"product_tag","embeddable":true,"href":"http:\/\/casaembalagens.com.br\/index.php?rest_route=%2Fwp%2Fv2%2Fproduct_tag&post=4123"}],"curies":[{"name":"wp","href":"https:\/\/api.w.org\/{rel}","templated":true}]}}