{"id":4128,"date":"2021-09-17T10:42:20","date_gmt":"2021-09-17T13:42:20","guid":{"rendered":"https:\/\/casaembalagens.com.br\/produto\/amaciante-classico-5l-candura\/"},"modified":"2023-08-03T08:54:21","modified_gmt":"2023-08-03T11:54:21","slug":"amaciante-classico-5l-candura","status":"publish","type":"product","link":"http:\/\/casaembalagens.com.br\/?product=amaciante-classico-5l-candura","title":{"rendered":"AMACIANTE CLASSICO 5L (CANDURA)"},"content":{"rendered":"<p>A nova Linha Amaciantes Candura oferece uma deliciosa sensa\u00e7\u00e3o de conforto e bem estar para toda a fam\u00edlia durante todo o dia. Suas fragr\u00e2ncias exclusivas despertam os sentidos e revitalizam as energias que ajudam a expressar emo\u00e7\u00f5es profundas. Vers\u00e3o Cl\u00e1ssico proporciona conforto e bem-estar.<\/p>\n","protected":false},"excerpt":{"rendered":"<p>A nova Linha Amaciantes Candura oferece uma deliciosa sensa\u00e7\u00e3o de conforto e bem estar para toda a fam\u00edlia durante todo o dia. Suas fragr\u00e2ncias exclusivas despertam os sentidos e revitalizam as energias que ajudam a expressar emo\u00e7\u00f5es profundas. Vers\u00e3o Cl\u00e1ssico proporciona conforto e bem-estar.<\/p>\n","protected":false},"featured_media":0,"comment_status":"open","ping_status":"closed","template":"","meta":[],"product_cat":[15],"product_tag":[],"class_list":{"0":"post-4128","1":"product","2":"type-product","3":"status-publish","5":"product_cat-geral","7":"first","8":"outofstock","9":"shipping-taxable","10":"purchasable","11":"product-type-simple"},"_links":{"self":[{"href":"http:\/\/casaembalagens.com.br\/index.php?rest_route=\/wp\/v2\/product\/4128","targetHints":{"allow":["GET"]}}],"collection":[{"href":"http:\/\/casaembalagens.com.br\/index.php?rest_route=\/wp\/v2\/product"}],"about":[{"href":"http:\/\/casaembalagens.com.br\/index.php?rest_route=\/wp\/v2\/types\/product"}],"replies":[{"embeddable":true,"href":"http:\/\/casaembalagens.com.br\/index.php?rest_route=%2Fwp%2Fv2%2Fcomments&post=4128"}],"wp:attachment":[{"href":"http:\/\/casaembalagens.com.br\/index.php?rest_route=%2Fwp%2Fv2%2Fmedia&parent=4128"}],"wp:term":[{"taxonomy":"product_cat","embeddable":true,"href":"http:\/\/casaembalagens.com.br\/index.php?rest_route=%2Fwp%2Fv2%2Fproduct_cat&post=4128"},{"taxonomy":"product_tag","embeddable":true,"href":"http:\/\/casaembalagens.com.br\/index.php?rest_route=%2Fwp%2Fv2%2Fproduct_tag&post=4128"}],"curies":[{"name":"wp","href":"https:\/\/api.w.org\/{rel}","templated":true}]}}