{"id":4141,"date":"2021-09-17T11:48:24","date_gmt":"2021-09-17T14:48:24","guid":{"rendered":"https:\/\/casaembalagens.com.br\/produto\/tira-manchas-sem-cloro-cores-2l-candura\/"},"modified":"2023-01-02T08:59:19","modified_gmt":"2023-01-02T11:59:19","slug":"tira-manchas-sem-cloro-cores-2l-candura","status":"publish","type":"product","link":"http:\/\/casaembalagens.com.br\/?product=tira-manchas-sem-cloro-cores-2l-candura","title":{"rendered":"TIRA MANCHAS SEM CLORO CORES 2L (CANDURA)"},"content":{"rendered":"<p>N\u00e3o tem como fugir! Num simples momento de distra\u00e7\u00e3o manchamos aquela roupa que tanto gostamos, a toalha durante uma refei\u00e7\u00e3o, aquele guardanapo limpinho que acabamos de tirar da gaveta.|Nessas horas, queremos um produto que seja pr\u00e1tico, acess\u00edvel e eficaz na remo\u00e7\u00e3o de manchas sem riscos de desbotamento, ou danos ao tecido.|Para estes momentos, a Candura traz para voc\u00ea o Tira Manchas. Um produto de alta performance que traz o poder do Oxig\u00eanio Ativo para remo\u00e7\u00e3o de manchas.<\/p>\n","protected":false},"excerpt":{"rendered":"<p>N\u00e3o tem como fugir! Num simples momento de distra\u00e7\u00e3o manchamos aquela roupa que tanto gostamos, a toalha durante uma refei\u00e7\u00e3o, aquele guardanapo limpinho que acabamos de tirar da gaveta.|Nessas horas, queremos um produto que seja pr\u00e1tico, acess\u00edvel e eficaz na remo\u00e7\u00e3o de manchas sem riscos de desbotamento, ou danos ao tecido.|Para estes momentos, a Candura traz para voc\u00ea o Tira Manchas. Um produto de alta performance que traz o poder do Oxig\u00eanio Ativo para remo\u00e7\u00e3o de manchas.<\/p>\n","protected":false},"featured_media":0,"comment_status":"open","ping_status":"closed","template":"","meta":[],"product_cat":[15],"product_tag":[],"class_list":{"0":"post-4141","1":"product","2":"type-product","3":"status-publish","5":"product_cat-geral","7":"first","8":"instock","9":"shipping-taxable","10":"purchasable","11":"product-type-simple"},"_links":{"self":[{"href":"http:\/\/casaembalagens.com.br\/index.php?rest_route=\/wp\/v2\/product\/4141","targetHints":{"allow":["GET"]}}],"collection":[{"href":"http:\/\/casaembalagens.com.br\/index.php?rest_route=\/wp\/v2\/product"}],"about":[{"href":"http:\/\/casaembalagens.com.br\/index.php?rest_route=\/wp\/v2\/types\/product"}],"replies":[{"embeddable":true,"href":"http:\/\/casaembalagens.com.br\/index.php?rest_route=%2Fwp%2Fv2%2Fcomments&post=4141"}],"wp:attachment":[{"href":"http:\/\/casaembalagens.com.br\/index.php?rest_route=%2Fwp%2Fv2%2Fmedia&parent=4141"}],"wp:term":[{"taxonomy":"product_cat","embeddable":true,"href":"http:\/\/casaembalagens.com.br\/index.php?rest_route=%2Fwp%2Fv2%2Fproduct_cat&post=4141"},{"taxonomy":"product_tag","embeddable":true,"href":"http:\/\/casaembalagens.com.br\/index.php?rest_route=%2Fwp%2Fv2%2Fproduct_tag&post=4141"}],"curies":[{"name":"wp","href":"https:\/\/api.w.org\/{rel}","templated":true}]}}