{"id":4143,"date":"2021-09-17T12:06:13","date_gmt":"2021-09-17T15:06:13","guid":{"rendered":"https:\/\/casaembalagens.com.br\/produto\/desinfetante-lavanda-2l-candura\/"},"modified":"2023-01-02T08:42:25","modified_gmt":"2023-01-02T11:42:25","slug":"desinfetante-lavanda-2l-candura","status":"publish","type":"product","link":"http:\/\/casaembalagens.com.br\/?product=desinfetante-lavanda-2l-candura","title":{"rendered":"DESINFETANTE LAVANDA 2L (CANDURA)"},"content":{"rendered":"<p>O Desinfetante Candura al\u00e9m de limpar e perfumar tamb\u00e9m garante a seguran\u00e7a da sua fam\u00edlia e de todo o seu lar diariamente. Sua formula\u00e7\u00e3o conta com ativos de \u00faltima gera\u00e7\u00e3o com alto poder bactericida e germicida.|Poder 3&#215;1 que limpa, desinfeta e perfuma! Pode ser utilizado em todo o processo de desinfec\u00e7\u00e3o eliminando at\u00e9 99,99% dos germes, v\u00edrus e bact\u00e9rias* e deixando sua casa ainda mais limpa e perfumada.|Utilize para desinfec\u00e7\u00e3o de banheiros, pisos, ralos, latas de lixo e na limpeza geral de superf\u00edcies. Tamb\u00e9m pode ser utilizado para desinfec\u00e7\u00e3o de roupas, m\u00e1scaras faciais, tapetes e panos de ch\u00e3o.<\/p>\n","protected":false},"excerpt":{"rendered":"<p>O Desinfetante Candura al\u00e9m de limpar e perfumar tamb\u00e9m garante a seguran\u00e7a da sua fam\u00edlia e de todo o seu lar diariamente. Sua formula\u00e7\u00e3o conta com ativos de \u00faltima gera\u00e7\u00e3o com alto poder bactericida e germicida.|Poder 3&#215;1 que limpa, desinfeta e perfuma! Pode ser utilizado em todo o processo de desinfec\u00e7\u00e3o eliminando at\u00e9 99,99% dos germes, v\u00edrus e bact\u00e9rias* e deixando sua casa ainda mais limpa e perfumada.|Utilize para desinfec\u00e7\u00e3o de banheiros, pisos, ralos, latas de lixo e na limpeza geral de superf\u00edcies. Tamb\u00e9m pode ser utilizado para desinfec\u00e7\u00e3o de roupas, m\u00e1scaras faciais, tapetes e panos de ch\u00e3o.<\/p>\n","protected":false},"featured_media":0,"comment_status":"open","ping_status":"closed","template":"","meta":[],"product_cat":[15],"product_tag":[],"class_list":{"0":"post-4143","1":"product","2":"type-product","3":"status-publish","5":"product_cat-geral","7":"first","8":"instock","9":"shipping-taxable","10":"purchasable","11":"product-type-simple"},"_links":{"self":[{"href":"http:\/\/casaembalagens.com.br\/index.php?rest_route=\/wp\/v2\/product\/4143","targetHints":{"allow":["GET"]}}],"collection":[{"href":"http:\/\/casaembalagens.com.br\/index.php?rest_route=\/wp\/v2\/product"}],"about":[{"href":"http:\/\/casaembalagens.com.br\/index.php?rest_route=\/wp\/v2\/types\/product"}],"replies":[{"embeddable":true,"href":"http:\/\/casaembalagens.com.br\/index.php?rest_route=%2Fwp%2Fv2%2Fcomments&post=4143"}],"wp:attachment":[{"href":"http:\/\/casaembalagens.com.br\/index.php?rest_route=%2Fwp%2Fv2%2Fmedia&parent=4143"}],"wp:term":[{"taxonomy":"product_cat","embeddable":true,"href":"http:\/\/casaembalagens.com.br\/index.php?rest_route=%2Fwp%2Fv2%2Fproduct_cat&post=4143"},{"taxonomy":"product_tag","embeddable":true,"href":"http:\/\/casaembalagens.com.br\/index.php?rest_route=%2Fwp%2Fv2%2Fproduct_tag&post=4143"}],"curies":[{"name":"wp","href":"https:\/\/api.w.org\/{rel}","templated":true}]}}