{"id":4154,"date":"2021-09-20T11:53:04","date_gmt":"2021-09-20T14:53:04","guid":{"rendered":"https:\/\/casaembalagens.com.br\/produto\/cloro-liq-2l-harmoniex\/"},"modified":"2022-12-07T09:10:33","modified_gmt":"2022-12-07T12:10:33","slug":"cloro-liq-2l-harmoniex","status":"publish","type":"product","link":"http:\/\/casaembalagens.com.br\/?product=cloro-liq-2l-harmoniex","title":{"rendered":"CLORO LIQ 2L (HARMONIEX)"},"content":{"rendered":"<p>Alto poder de desinfec\u00e7\u00e3o e limpeza Pode ser utilizado na limpeza de pisos, azulejos, banheiras, boxes, e vasos sanit\u00e1rios. Alveja e tira manchas \u0096 a\u00e7\u00e3o germicida e bactericida. Desinfeta e desodoriza eliminando bact\u00e9rias. Pr\u00e1tico e eficiente.<\/p>\n","protected":false},"excerpt":{"rendered":"<p>Alto poder de desinfec\u00e7\u00e3o e limpeza Pode ser utilizado na limpeza de pisos, azulejos, banheiras, boxes, e vasos sanit\u00e1rios. Alveja e tira manchas \u0096 a\u00e7\u00e3o germicida e bactericida. Desinfeta e desodoriza eliminando bact\u00e9rias. Pr\u00e1tico e eficiente.<\/p>\n","protected":false},"featured_media":0,"comment_status":"open","ping_status":"closed","template":"","meta":[],"product_cat":[15],"product_tag":[],"class_list":{"0":"post-4154","1":"product","2":"type-product","3":"status-publish","5":"product_cat-geral","7":"first","8":"instock","9":"shipping-taxable","10":"purchasable","11":"product-type-simple"},"_links":{"self":[{"href":"http:\/\/casaembalagens.com.br\/index.php?rest_route=\/wp\/v2\/product\/4154","targetHints":{"allow":["GET"]}}],"collection":[{"href":"http:\/\/casaembalagens.com.br\/index.php?rest_route=\/wp\/v2\/product"}],"about":[{"href":"http:\/\/casaembalagens.com.br\/index.php?rest_route=\/wp\/v2\/types\/product"}],"replies":[{"embeddable":true,"href":"http:\/\/casaembalagens.com.br\/index.php?rest_route=%2Fwp%2Fv2%2Fcomments&post=4154"}],"wp:attachment":[{"href":"http:\/\/casaembalagens.com.br\/index.php?rest_route=%2Fwp%2Fv2%2Fmedia&parent=4154"}],"wp:term":[{"taxonomy":"product_cat","embeddable":true,"href":"http:\/\/casaembalagens.com.br\/index.php?rest_route=%2Fwp%2Fv2%2Fproduct_cat&post=4154"},{"taxonomy":"product_tag","embeddable":true,"href":"http:\/\/casaembalagens.com.br\/index.php?rest_route=%2Fwp%2Fv2%2Fproduct_tag&post=4154"}],"curies":[{"name":"wp","href":"https:\/\/api.w.org\/{rel}","templated":true}]}}