{"id":4203,"date":"2021-10-04T17:12:29","date_gmt":"2021-10-04T20:12:29","guid":{"rendered":"https:\/\/casaembalagens.com.br\/produto\/sabonete-erva-doce-2l-harmoniex\/"},"modified":"2022-06-17T17:39:33","modified_gmt":"2022-06-17T20:39:33","slug":"sabonete-erva-doce-2l-harmoniex","status":"publish","type":"product","link":"http:\/\/casaembalagens.com.br\/?product=sabonete-erva-doce-2l-harmoniex","title":{"rendered":"SABONETE ERVA DOCE 2L (HARMONIEX)"},"content":{"rendered":"<p>O Sabonete L\u00edquido Harmoniex possui formula\u00e7\u00e3o balanceada, proporcionando um excelente desempenho na remo\u00e7\u00e3o de sujidades deixando um aroma suave<\/p>\n","protected":false},"excerpt":{"rendered":"<p>O Sabonete L\u00edquido Harmoniex possui formula\u00e7\u00e3o balanceada, proporcionando um excelente desempenho na remo\u00e7\u00e3o de sujidades deixando um aroma suave<\/p>\n","protected":false},"featured_media":0,"comment_status":"open","ping_status":"closed","template":"","meta":[],"product_cat":[15],"product_tag":[],"class_list":{"0":"post-4203","1":"product","2":"type-product","3":"status-publish","5":"product_cat-geral","7":"first","8":"outofstock","9":"shipping-taxable","10":"purchasable","11":"product-type-simple"},"_links":{"self":[{"href":"http:\/\/casaembalagens.com.br\/index.php?rest_route=\/wp\/v2\/product\/4203","targetHints":{"allow":["GET"]}}],"collection":[{"href":"http:\/\/casaembalagens.com.br\/index.php?rest_route=\/wp\/v2\/product"}],"about":[{"href":"http:\/\/casaembalagens.com.br\/index.php?rest_route=\/wp\/v2\/types\/product"}],"replies":[{"embeddable":true,"href":"http:\/\/casaembalagens.com.br\/index.php?rest_route=%2Fwp%2Fv2%2Fcomments&post=4203"}],"wp:attachment":[{"href":"http:\/\/casaembalagens.com.br\/index.php?rest_route=%2Fwp%2Fv2%2Fmedia&parent=4203"}],"wp:term":[{"taxonomy":"product_cat","embeddable":true,"href":"http:\/\/casaembalagens.com.br\/index.php?rest_route=%2Fwp%2Fv2%2Fproduct_cat&post=4203"},{"taxonomy":"product_tag","embeddable":true,"href":"http:\/\/casaembalagens.com.br\/index.php?rest_route=%2Fwp%2Fv2%2Fproduct_tag&post=4203"}],"curies":[{"name":"wp","href":"https:\/\/api.w.org\/{rel}","templated":true}]}}