{"id":4280,"date":"2021-12-16T16:27:40","date_gmt":"2021-12-16T19:27:40","guid":{"rendered":"https:\/\/casaembalagens.com.br\/produto\/limpa-pedras-pedrex-2ltsstart\/"},"modified":"2022-09-03T10:45:01","modified_gmt":"2022-09-03T13:45:01","slug":"limpa-pedras-pedrex-2ltsstart","status":"publish","type":"product","link":"http:\/\/casaembalagens.com.br\/?product=limpa-pedras-pedrex-2ltsstart","title":{"rendered":"LIMPA PEDRAS PEDREX 2LTS(START)"},"content":{"rendered":"<p>Detergente \u00c1cido. Remover sujeiras inorg\u00e2nicas encardidos de terra, excesso de rejuntes e calcifica\u00e7\u00f5es.<\/p>\n","protected":false},"excerpt":{"rendered":"<p>Detergente \u00c1cido. Remover sujeiras inorg\u00e2nicas encardidos de terra, excesso de rejuntes e calcifica\u00e7\u00f5es.<\/p>\n","protected":false},"featured_media":0,"comment_status":"open","ping_status":"closed","template":"","meta":[],"product_cat":[15],"product_tag":[],"class_list":{"0":"post-4280","1":"product","2":"type-product","3":"status-publish","5":"product_cat-geral","7":"first","8":"instock","9":"shipping-taxable","10":"purchasable","11":"product-type-simple"},"_links":{"self":[{"href":"http:\/\/casaembalagens.com.br\/index.php?rest_route=\/wp\/v2\/product\/4280","targetHints":{"allow":["GET"]}}],"collection":[{"href":"http:\/\/casaembalagens.com.br\/index.php?rest_route=\/wp\/v2\/product"}],"about":[{"href":"http:\/\/casaembalagens.com.br\/index.php?rest_route=\/wp\/v2\/types\/product"}],"replies":[{"embeddable":true,"href":"http:\/\/casaembalagens.com.br\/index.php?rest_route=%2Fwp%2Fv2%2Fcomments&post=4280"}],"wp:attachment":[{"href":"http:\/\/casaembalagens.com.br\/index.php?rest_route=%2Fwp%2Fv2%2Fmedia&parent=4280"}],"wp:term":[{"taxonomy":"product_cat","embeddable":true,"href":"http:\/\/casaembalagens.com.br\/index.php?rest_route=%2Fwp%2Fv2%2Fproduct_cat&post=4280"},{"taxonomy":"product_tag","embeddable":true,"href":"http:\/\/casaembalagens.com.br\/index.php?rest_route=%2Fwp%2Fv2%2Fproduct_tag&post=4280"}],"curies":[{"name":"wp","href":"https:\/\/api.w.org\/{rel}","templated":true}]}}