{"id":4284,"date":"2021-12-16T16:56:22","date_gmt":"2021-12-16T19:56:22","guid":{"rendered":"https:\/\/casaembalagens.com.br\/produto\/asseptgel-neutro-1-0kg-c-valvula-pumptstart\/"},"modified":"2023-01-02T17:10:03","modified_gmt":"2023-01-02T20:10:03","slug":"asseptgel-neutro-1-0kg-c-valvula-pumptstart","status":"publish","type":"product","link":"http:\/\/casaembalagens.com.br\/?product=asseptgel-neutro-1-0kg-c-valvula-pumptstart","title":{"rendered":"ASSEPTGEL NEUTRO 1.0KG C\/VALVULA PUMPT(START)"},"content":{"rendered":"<p>\u00c1lcool Gel 70\u00ba para m\u00e3os Asseptgel c\/ Pump 1 Kg  Un START. M\u00e3os Higienizadas e Hidratadas sem enx\u00e1gue. Dermatologicamente testado, elimina at\u00e9 99,99% dos germes. Desenvolvido para higieniza\u00e7\u00e3o das m\u00e3os. Apresenta a\u00e7\u00e3o antiss\u00e9ptica devido a sua concentra\u00e7\u00e3o alco\u00f3lica e proporciona hidrata\u00e7\u00e3o pelos efeitos ben\u00e9ficos do extrato de Aloe Vera. Essas duas combina\u00e7\u00f5es aliadas a mat\u00e9rias-primas de ponta, tornam o Asseptgel um antiss\u00e9ptico para as m\u00e3os em perfeito equil\u00edbrio, adequado para o uso constante. \u00c9 um produto sem enx\u00e1gue, com r\u00e1pida secagem das m\u00e3os. Fundamental para as a\u00e7\u00f5es de higiene das m\u00e3os contra as infec\u00e7\u00f5es cruzadas.<\/p>\n","protected":false},"excerpt":{"rendered":"<p>\u00c1lcool Gel 70\u00ba para m\u00e3os Asseptgel c\/ Pump 1 Kg  Un START. M\u00e3os Higienizadas e Hidratadas sem enx\u00e1gue. Dermatologicamente testado, elimina at\u00e9 99,99% dos germes. Desenvolvido para higieniza\u00e7\u00e3o das m\u00e3os. Apresenta a\u00e7\u00e3o antiss\u00e9ptica devido a sua concentra\u00e7\u00e3o alco\u00f3lica e proporciona hidrata\u00e7\u00e3o pelos efeitos ben\u00e9ficos do extrato de Aloe Vera. Essas duas combina\u00e7\u00f5es aliadas a mat\u00e9rias-primas de ponta, tornam o Asseptgel um antiss\u00e9ptico para as m\u00e3os em perfeito equil\u00edbrio, adequado para o uso constante. \u00c9 um produto sem enx\u00e1gue, com r\u00e1pida secagem das m\u00e3os. Fundamental para as a\u00e7\u00f5es de higiene das m\u00e3os contra as infec\u00e7\u00f5es cruzadas.<\/p>\n","protected":false},"featured_media":0,"comment_status":"open","ping_status":"closed","template":"","meta":[],"product_cat":[15],"product_tag":[],"class_list":{"0":"post-4284","1":"product","2":"type-product","3":"status-publish","5":"product_cat-geral","7":"first","8":"instock","9":"shipping-taxable","10":"purchasable","11":"product-type-simple"},"_links":{"self":[{"href":"http:\/\/casaembalagens.com.br\/index.php?rest_route=\/wp\/v2\/product\/4284","targetHints":{"allow":["GET"]}}],"collection":[{"href":"http:\/\/casaembalagens.com.br\/index.php?rest_route=\/wp\/v2\/product"}],"about":[{"href":"http:\/\/casaembalagens.com.br\/index.php?rest_route=\/wp\/v2\/types\/product"}],"replies":[{"embeddable":true,"href":"http:\/\/casaembalagens.com.br\/index.php?rest_route=%2Fwp%2Fv2%2Fcomments&post=4284"}],"wp:attachment":[{"href":"http:\/\/casaembalagens.com.br\/index.php?rest_route=%2Fwp%2Fv2%2Fmedia&parent=4284"}],"wp:term":[{"taxonomy":"product_cat","embeddable":true,"href":"http:\/\/casaembalagens.com.br\/index.php?rest_route=%2Fwp%2Fv2%2Fproduct_cat&post=4284"},{"taxonomy":"product_tag","embeddable":true,"href":"http:\/\/casaembalagens.com.br\/index.php?rest_route=%2Fwp%2Fv2%2Fproduct_tag&post=4284"}],"curies":[{"name":"wp","href":"https:\/\/api.w.org\/{rel}","templated":true}]}}