{"id":4286,"date":"2021-12-16T17:07:49","date_gmt":"2021-12-16T20:07:49","guid":{"rendered":"https:\/\/casaembalagens.com.br\/produto\/limpa-ceramica-2lt-azulim\/"},"modified":"2023-02-16T11:49:51","modified_gmt":"2023-02-16T14:49:51","slug":"limpa-ceramica-2lt-azulim","status":"publish","type":"product","link":"http:\/\/casaembalagens.com.br\/?product=limpa-ceramica-2lt-azulim","title":{"rendered":"LIMPA CERAMICA 2LT (AZULIM)"},"content":{"rendered":"<p>Limpa cer\u00e2mica azulim 1L &#8211; start|Detergente \u00e1cido, n\u00e3o misturar com produtos clorados. Remove sujeiras inorg\u00e2nicas, encardidos de terra, excesso de rejunte e calcifica\u00e7\u00f5es. Tipos de superf\u00edcies: cer\u00e2micas, azulejos, ard\u00f3sia, sanit\u00e1rios<\/p>\n","protected":false},"excerpt":{"rendered":"<p>Limpa cer\u00e2mica azulim 1L &#8211; start|Detergente \u00e1cido, n\u00e3o misturar com produtos clorados. Remove sujeiras inorg\u00e2nicas, encardidos de terra, excesso de rejunte e calcifica\u00e7\u00f5es. Tipos de superf\u00edcies: cer\u00e2micas, azulejos, ard\u00f3sia, sanit\u00e1rios<\/p>\n","protected":false},"featured_media":0,"comment_status":"open","ping_status":"closed","template":"","meta":[],"product_cat":[15],"product_tag":[],"class_list":{"0":"post-4286","1":"product","2":"type-product","3":"status-publish","5":"product_cat-geral","7":"first","8":"instock","9":"shipping-taxable","10":"purchasable","11":"product-type-simple"},"_links":{"self":[{"href":"http:\/\/casaembalagens.com.br\/index.php?rest_route=\/wp\/v2\/product\/4286","targetHints":{"allow":["GET"]}}],"collection":[{"href":"http:\/\/casaembalagens.com.br\/index.php?rest_route=\/wp\/v2\/product"}],"about":[{"href":"http:\/\/casaembalagens.com.br\/index.php?rest_route=\/wp\/v2\/types\/product"}],"replies":[{"embeddable":true,"href":"http:\/\/casaembalagens.com.br\/index.php?rest_route=%2Fwp%2Fv2%2Fcomments&post=4286"}],"wp:attachment":[{"href":"http:\/\/casaembalagens.com.br\/index.php?rest_route=%2Fwp%2Fv2%2Fmedia&parent=4286"}],"wp:term":[{"taxonomy":"product_cat","embeddable":true,"href":"http:\/\/casaembalagens.com.br\/index.php?rest_route=%2Fwp%2Fv2%2Fproduct_cat&post=4286"},{"taxonomy":"product_tag","embeddable":true,"href":"http:\/\/casaembalagens.com.br\/index.php?rest_route=%2Fwp%2Fv2%2Fproduct_tag&post=4286"}],"curies":[{"name":"wp","href":"https:\/\/api.w.org\/{rel}","templated":true}]}}