{"id":4292,"date":"2021-12-16T17:23:53","date_gmt":"2021-12-16T20:23:53","guid":{"rendered":"https:\/\/casaembalagens.com.br\/produto\/asseptgel-neutro-420gr-c-valvula-pumpt-start\/"},"modified":"2023-01-02T17:10:14","modified_gmt":"2023-01-02T20:10:14","slug":"asseptgel-neutro-420gr-c-valvula-pumpt-start","status":"publish","type":"product","link":"http:\/\/casaembalagens.com.br\/?product=asseptgel-neutro-420gr-c-valvula-pumpt-start","title":{"rendered":"ASSEPTGEL NEUTRO 420GR C\/ VALVULA PUMPT (START)"},"content":{"rendered":"<p>Elaborado como complemento na higieniza\u00e7\u00e3o de m\u00e3os. Gel a base de \u00e1lcoois com largo espectro de a\u00e7\u00e3o.|Utilizado para completar a limpeza rotineira das m\u00e3os, com Aloe Vera.|Sanitizante de m\u00e3os que possui efici\u00eancia antiss\u00e9ptica de 99,9% frente \u00e0 maioria dos germes causadores de doen\u00e7as presentes nas m\u00e3os.<\/p>\n","protected":false},"excerpt":{"rendered":"<p>Elaborado como complemento na higieniza\u00e7\u00e3o de m\u00e3os. Gel a base de \u00e1lcoois com largo espectro de a\u00e7\u00e3o.|Utilizado para completar a limpeza rotineira das m\u00e3os, com Aloe Vera.|Sanitizante de m\u00e3os que possui efici\u00eancia antiss\u00e9ptica de 99,9% frente \u00e0 maioria dos germes causadores de doen\u00e7as presentes nas m\u00e3os.<\/p>\n","protected":false},"featured_media":0,"comment_status":"open","ping_status":"closed","template":"","meta":[],"product_cat":[15],"product_tag":[],"class_list":{"0":"post-4292","1":"product","2":"type-product","3":"status-publish","5":"product_cat-geral","7":"first","8":"instock","9":"shipping-taxable","10":"purchasable","11":"product-type-simple"},"_links":{"self":[{"href":"http:\/\/casaembalagens.com.br\/index.php?rest_route=\/wp\/v2\/product\/4292","targetHints":{"allow":["GET"]}}],"collection":[{"href":"http:\/\/casaembalagens.com.br\/index.php?rest_route=\/wp\/v2\/product"}],"about":[{"href":"http:\/\/casaembalagens.com.br\/index.php?rest_route=\/wp\/v2\/types\/product"}],"replies":[{"embeddable":true,"href":"http:\/\/casaembalagens.com.br\/index.php?rest_route=%2Fwp%2Fv2%2Fcomments&post=4292"}],"wp:attachment":[{"href":"http:\/\/casaembalagens.com.br\/index.php?rest_route=%2Fwp%2Fv2%2Fmedia&parent=4292"}],"wp:term":[{"taxonomy":"product_cat","embeddable":true,"href":"http:\/\/casaembalagens.com.br\/index.php?rest_route=%2Fwp%2Fv2%2Fproduct_cat&post=4292"},{"taxonomy":"product_tag","embeddable":true,"href":"http:\/\/casaembalagens.com.br\/index.php?rest_route=%2Fwp%2Fv2%2Fproduct_tag&post=4292"}],"curies":[{"name":"wp","href":"https:\/\/api.w.org\/{rel}","templated":true}]}}