{"id":4296,"date":"2021-12-16T17:34:50","date_gmt":"2021-12-16T20:34:50","guid":{"rendered":"https:\/\/casaembalagens.com.br\/produto\/cera-2lts-master-acrilica-incolor-start\/"},"modified":"2022-06-12T13:53:10","modified_gmt":"2022-06-12T16:53:10","slug":"cera-2lts-master-acrilica-incolor-start","status":"publish","type":"product","link":"http:\/\/casaembalagens.com.br\/?product=cera-2lts-master-acrilica-incolor-start","title":{"rendered":"CERA 2LTS MASTER ACRILICA INCOLOR (START)"},"content":{"rendered":"<p>Cera acr\u00edlica start master \u00e9 um novo conceito de cera para pisos lav\u00e1veis, pois forma um filme acr\u00edlico auto brilhante transparente sobre o piso, dispensando o uso de polimento.<\/p>\n","protected":false},"excerpt":{"rendered":"<p>Cera acr\u00edlica start master \u00e9 um novo conceito de cera para pisos lav\u00e1veis, pois forma um filme acr\u00edlico auto brilhante transparente sobre o piso, dispensando o uso de polimento.<\/p>\n","protected":false},"featured_media":0,"comment_status":"open","ping_status":"closed","template":"","meta":[],"product_cat":[15],"product_tag":[],"class_list":{"0":"post-4296","1":"product","2":"type-product","3":"status-publish","5":"product_cat-geral","7":"first","8":"outofstock","9":"shipping-taxable","10":"purchasable","11":"product-type-simple"},"_links":{"self":[{"href":"http:\/\/casaembalagens.com.br\/index.php?rest_route=\/wp\/v2\/product\/4296","targetHints":{"allow":["GET"]}}],"collection":[{"href":"http:\/\/casaembalagens.com.br\/index.php?rest_route=\/wp\/v2\/product"}],"about":[{"href":"http:\/\/casaembalagens.com.br\/index.php?rest_route=\/wp\/v2\/types\/product"}],"replies":[{"embeddable":true,"href":"http:\/\/casaembalagens.com.br\/index.php?rest_route=%2Fwp%2Fv2%2Fcomments&post=4296"}],"wp:attachment":[{"href":"http:\/\/casaembalagens.com.br\/index.php?rest_route=%2Fwp%2Fv2%2Fmedia&parent=4296"}],"wp:term":[{"taxonomy":"product_cat","embeddable":true,"href":"http:\/\/casaembalagens.com.br\/index.php?rest_route=%2Fwp%2Fv2%2Fproduct_cat&post=4296"},{"taxonomy":"product_tag","embeddable":true,"href":"http:\/\/casaembalagens.com.br\/index.php?rest_route=%2Fwp%2Fv2%2Fproduct_tag&post=4296"}],"curies":[{"name":"wp","href":"https:\/\/api.w.org\/{rel}","templated":true}]}}