{"id":4310,"date":"2021-12-17T10:35:56","date_gmt":"2021-12-17T13:35:56","guid":{"rendered":"https:\/\/casaembalagens.com.br\/produto\/desengordurante-500ml-c-gatilho-azulim\/"},"modified":"2023-01-16T10:06:34","modified_gmt":"2023-01-16T13:06:34","slug":"desengordurante-500ml-c-gatilho-azulim","status":"publish","type":"product","link":"http:\/\/casaembalagens.com.br\/?product=desengordurante-500ml-c-gatilho-azulim","title":{"rendered":"DESENGORDURANTE 500ML C\/GATILHO (AZULIM)"},"content":{"rendered":"<p>O Limpador Desengordurante Limpeza Pesada Azulim \u00e9 indicado para a limpeza di\u00e1ria de cozinhas, banheiros, pisos, azulejos, paredes e demais superf\u00edcies lav\u00e1veis. Al\u00e9m disso limpa melhor e desengordura mais, pois remove as sujidades gordurosas e oleosas de forma r\u00e1pida e eficiente.<\/p>\n","protected":false},"excerpt":{"rendered":"<p>O Limpador Desengordurante Limpeza Pesada Azulim \u00e9 indicado para a limpeza di\u00e1ria de cozinhas, banheiros, pisos, azulejos, paredes e demais superf\u00edcies lav\u00e1veis. Al\u00e9m disso limpa melhor e desengordura mais, pois remove as sujidades gordurosas e oleosas de forma r\u00e1pida e eficiente.<\/p>\n","protected":false},"featured_media":0,"comment_status":"open","ping_status":"closed","template":"","meta":[],"product_cat":[15],"product_tag":[],"class_list":{"0":"post-4310","1":"product","2":"type-product","3":"status-publish","5":"product_cat-geral","7":"first","8":"instock","9":"shipping-taxable","10":"purchasable","11":"product-type-simple"},"_links":{"self":[{"href":"http:\/\/casaembalagens.com.br\/index.php?rest_route=\/wp\/v2\/product\/4310","targetHints":{"allow":["GET"]}}],"collection":[{"href":"http:\/\/casaembalagens.com.br\/index.php?rest_route=\/wp\/v2\/product"}],"about":[{"href":"http:\/\/casaembalagens.com.br\/index.php?rest_route=\/wp\/v2\/types\/product"}],"replies":[{"embeddable":true,"href":"http:\/\/casaembalagens.com.br\/index.php?rest_route=%2Fwp%2Fv2%2Fcomments&post=4310"}],"wp:attachment":[{"href":"http:\/\/casaembalagens.com.br\/index.php?rest_route=%2Fwp%2Fv2%2Fmedia&parent=4310"}],"wp:term":[{"taxonomy":"product_cat","embeddable":true,"href":"http:\/\/casaembalagens.com.br\/index.php?rest_route=%2Fwp%2Fv2%2Fproduct_cat&post=4310"},{"taxonomy":"product_tag","embeddable":true,"href":"http:\/\/casaembalagens.com.br\/index.php?rest_route=%2Fwp%2Fv2%2Fproduct_tag&post=4310"}],"curies":[{"name":"wp","href":"https:\/\/api.w.org\/{rel}","templated":true}]}}