{"id":4319,"date":"2021-12-20T13:05:56","date_gmt":"2021-12-20T16:05:56","guid":{"rendered":"https:\/\/casaembalagens.com.br\/produto\/limpa-vidro-5l-azulim\/"},"modified":"2022-09-10T10:14:17","modified_gmt":"2022-09-10T13:14:17","slug":"limpa-vidro-5l-azulim","status":"publish","type":"product","link":"http:\/\/casaembalagens.com.br\/?product=limpa-vidro-5l-azulim","title":{"rendered":"LIMPA VIDRO 5L (AZULIM)"},"content":{"rendered":"<p>Especialmente elaborado para remover manchas de vidros, f\u00f3rmicas, espelhos e superf\u00edcies imperme\u00e1veis. Sua f\u00f3rmula balanceada e eficiente proporciona limpeza, prote\u00e7\u00e3o e conserva\u00e7\u00e3o.<\/p>\n","protected":false},"excerpt":{"rendered":"<p>Especialmente elaborado para remover manchas de vidros, f\u00f3rmicas, espelhos e superf\u00edcies imperme\u00e1veis. Sua f\u00f3rmula balanceada e eficiente proporciona limpeza, prote\u00e7\u00e3o e conserva\u00e7\u00e3o.<\/p>\n","protected":false},"featured_media":0,"comment_status":"open","ping_status":"closed","template":"","meta":[],"product_cat":[15],"product_tag":[],"class_list":{"0":"post-4319","1":"product","2":"type-product","3":"status-publish","5":"product_cat-geral","7":"first","8":"instock","9":"shipping-taxable","10":"purchasable","11":"product-type-simple"},"_links":{"self":[{"href":"http:\/\/casaembalagens.com.br\/index.php?rest_route=\/wp\/v2\/product\/4319","targetHints":{"allow":["GET"]}}],"collection":[{"href":"http:\/\/casaembalagens.com.br\/index.php?rest_route=\/wp\/v2\/product"}],"about":[{"href":"http:\/\/casaembalagens.com.br\/index.php?rest_route=\/wp\/v2\/types\/product"}],"replies":[{"embeddable":true,"href":"http:\/\/casaembalagens.com.br\/index.php?rest_route=%2Fwp%2Fv2%2Fcomments&post=4319"}],"wp:attachment":[{"href":"http:\/\/casaembalagens.com.br\/index.php?rest_route=%2Fwp%2Fv2%2Fmedia&parent=4319"}],"wp:term":[{"taxonomy":"product_cat","embeddable":true,"href":"http:\/\/casaembalagens.com.br\/index.php?rest_route=%2Fwp%2Fv2%2Fproduct_cat&post=4319"},{"taxonomy":"product_tag","embeddable":true,"href":"http:\/\/casaembalagens.com.br\/index.php?rest_route=%2Fwp%2Fv2%2Fproduct_tag&post=4319"}],"curies":[{"name":"wp","href":"https:\/\/api.w.org\/{rel}","templated":true}]}}