{"id":4323,"date":"2021-12-20T13:20:08","date_gmt":"2021-12-20T16:20:08","guid":{"rendered":"https:\/\/casaembalagens.com.br\/produto\/limpa-vidros-spray-c-gatilho-500ml-azulim\/"},"modified":"2023-01-16T10:16:26","modified_gmt":"2023-01-16T13:16:26","slug":"limpa-vidros-spray-c-gatilho-500ml-azulim","status":"publish","type":"product","link":"http:\/\/casaembalagens.com.br\/?product=limpa-vidros-spray-c-gatilho-500ml-azulim","title":{"rendered":"LIMPA VIDROS SPRAY C\/GATILHO 500ML (AZULIM)"},"content":{"rendered":"<p>LIMPA VIDROS AZULIM especialmente elaborado para remover manchas de vidros, f\u00f3rmicas, espelhos e superf\u00edcies imperme\u00e1veis.<\/p>\n","protected":false},"excerpt":{"rendered":"<p>LIMPA VIDROS AZULIM especialmente elaborado para remover manchas de vidros, f\u00f3rmicas, espelhos e superf\u00edcies imperme\u00e1veis.<\/p>\n","protected":false},"featured_media":0,"comment_status":"open","ping_status":"closed","template":"","meta":[],"product_cat":[15],"product_tag":[],"class_list":{"0":"post-4323","1":"product","2":"type-product","3":"status-publish","5":"product_cat-geral","7":"first","8":"instock","9":"shipping-taxable","10":"purchasable","11":"product-type-simple"},"_links":{"self":[{"href":"http:\/\/casaembalagens.com.br\/index.php?rest_route=\/wp\/v2\/product\/4323","targetHints":{"allow":["GET"]}}],"collection":[{"href":"http:\/\/casaembalagens.com.br\/index.php?rest_route=\/wp\/v2\/product"}],"about":[{"href":"http:\/\/casaembalagens.com.br\/index.php?rest_route=\/wp\/v2\/types\/product"}],"replies":[{"embeddable":true,"href":"http:\/\/casaembalagens.com.br\/index.php?rest_route=%2Fwp%2Fv2%2Fcomments&post=4323"}],"wp:attachment":[{"href":"http:\/\/casaembalagens.com.br\/index.php?rest_route=%2Fwp%2Fv2%2Fmedia&parent=4323"}],"wp:term":[{"taxonomy":"product_cat","embeddable":true,"href":"http:\/\/casaembalagens.com.br\/index.php?rest_route=%2Fwp%2Fv2%2Fproduct_cat&post=4323"},{"taxonomy":"product_tag","embeddable":true,"href":"http:\/\/casaembalagens.com.br\/index.php?rest_route=%2Fwp%2Fv2%2Fproduct_tag&post=4323"}],"curies":[{"name":"wp","href":"https:\/\/api.w.org\/{rel}","templated":true}]}}