{"id":4330,"date":"2021-12-20T14:01:49","date_gmt":"2021-12-20T17:01:49","guid":{"rendered":"https:\/\/casaembalagens.com.br\/produto\/limpador-casa-e-perfume-agradable-500ml\/"},"modified":"2023-10-04T15:26:00","modified_gmt":"2023-10-04T18:26:00","slug":"limpador-casa-e-perfume-agradable-500ml","status":"publish","type":"product","link":"http:\/\/casaembalagens.com.br\/?product=limpador-casa-e-perfume-agradable-500ml","title":{"rendered":"LIMPADOR CASA E PERFUME AGRADABLE 500ML"},"content":{"rendered":"<p>Casa e Perfume \u00e9 um limpador perfumado indicado para pisos, azulejos e outras superf\u00edcies lav\u00e1veis como f\u00f3rmicas, pias e bancadas. Com perfume sofisticado e duradouro, deixa o ambiente agrad\u00e1vel, proporcionando deliciosas sensa\u00e7\u00f5es.<\/p>\n","protected":false},"excerpt":{"rendered":"<p>Casa e Perfume \u00e9 um limpador perfumado indicado para pisos, azulejos e outras superf\u00edcies lav\u00e1veis como f\u00f3rmicas, pias e bancadas. Com perfume sofisticado e duradouro, deixa o ambiente agrad\u00e1vel, proporcionando deliciosas sensa\u00e7\u00f5es.<\/p>\n","protected":false},"featured_media":0,"comment_status":"open","ping_status":"closed","template":"","meta":[],"product_cat":[15],"product_tag":[],"class_list":{"0":"post-4330","1":"product","2":"type-product","3":"status-publish","5":"product_cat-geral","7":"first","8":"instock","9":"shipping-taxable","10":"purchasable","11":"product-type-simple"},"_links":{"self":[{"href":"http:\/\/casaembalagens.com.br\/index.php?rest_route=\/wp\/v2\/product\/4330","targetHints":{"allow":["GET"]}}],"collection":[{"href":"http:\/\/casaembalagens.com.br\/index.php?rest_route=\/wp\/v2\/product"}],"about":[{"href":"http:\/\/casaembalagens.com.br\/index.php?rest_route=\/wp\/v2\/types\/product"}],"replies":[{"embeddable":true,"href":"http:\/\/casaembalagens.com.br\/index.php?rest_route=%2Fwp%2Fv2%2Fcomments&post=4330"}],"wp:attachment":[{"href":"http:\/\/casaembalagens.com.br\/index.php?rest_route=%2Fwp%2Fv2%2Fmedia&parent=4330"}],"wp:term":[{"taxonomy":"product_cat","embeddable":true,"href":"http:\/\/casaembalagens.com.br\/index.php?rest_route=%2Fwp%2Fv2%2Fproduct_cat&post=4330"},{"taxonomy":"product_tag","embeddable":true,"href":"http:\/\/casaembalagens.com.br\/index.php?rest_route=%2Fwp%2Fv2%2Fproduct_tag&post=4330"}],"curies":[{"name":"wp","href":"https:\/\/api.w.org\/{rel}","templated":true}]}}