{"id":4332,"date":"2021-12-20T14:08:47","date_gmt":"2021-12-20T17:08:47","guid":{"rendered":"https:\/\/casaembalagens.com.br\/produto\/limpador-casa-e-perfume-sensualidad-500ml\/"},"modified":"2023-10-05T16:25:10","modified_gmt":"2023-10-05T19:25:10","slug":"limpador-casa-e-perfume-sensualidad-500ml","status":"publish","type":"product","link":"http:\/\/casaembalagens.com.br\/?product=limpador-casa-e-perfume-sensualidad-500ml","title":{"rendered":"LIMPADOR CASA E PERFUME SENSUALIDAD 500ML"},"content":{"rendered":"<p>O Limpador Perfumado Casa &amp; Perfume \u00e9 o pioneiro em trazer a perfumaria fina para a categoria de limpadores que transforma os ambientes da casa. \u00c9 refer\u00eancia no mercado, capaz de finalizar a faxina com sua a\u00e7\u00e3o de alta performance e garantindo um perfume de efeito prolongado com fragr\u00e2ncias altamente sofisticadas, promovendo conforto e limpeza para sua casa.<\/p>\n","protected":false},"excerpt":{"rendered":"<p>O Limpador Perfumado Casa &amp; Perfume \u00e9 o pioneiro em trazer a perfumaria fina para a categoria de limpadores que transforma os ambientes da casa. \u00c9 refer\u00eancia no mercado, capaz de finalizar a faxina com sua a\u00e7\u00e3o de alta performance e garantindo um perfume de efeito prolongado com fragr\u00e2ncias altamente sofisticadas, promovendo conforto e limpeza para sua casa.<\/p>\n","protected":false},"featured_media":0,"comment_status":"open","ping_status":"closed","template":"","meta":[],"product_cat":[15],"product_tag":[],"class_list":{"0":"post-4332","1":"product","2":"type-product","3":"status-publish","5":"product_cat-geral","7":"first","8":"instock","9":"shipping-taxable","10":"purchasable","11":"product-type-simple"},"_links":{"self":[{"href":"http:\/\/casaembalagens.com.br\/index.php?rest_route=\/wp\/v2\/product\/4332","targetHints":{"allow":["GET"]}}],"collection":[{"href":"http:\/\/casaembalagens.com.br\/index.php?rest_route=\/wp\/v2\/product"}],"about":[{"href":"http:\/\/casaembalagens.com.br\/index.php?rest_route=\/wp\/v2\/types\/product"}],"replies":[{"embeddable":true,"href":"http:\/\/casaembalagens.com.br\/index.php?rest_route=%2Fwp%2Fv2%2Fcomments&post=4332"}],"wp:attachment":[{"href":"http:\/\/casaembalagens.com.br\/index.php?rest_route=%2Fwp%2Fv2%2Fmedia&parent=4332"}],"wp:term":[{"taxonomy":"product_cat","embeddable":true,"href":"http:\/\/casaembalagens.com.br\/index.php?rest_route=%2Fwp%2Fv2%2Fproduct_cat&post=4332"},{"taxonomy":"product_tag","embeddable":true,"href":"http:\/\/casaembalagens.com.br\/index.php?rest_route=%2Fwp%2Fv2%2Fproduct_tag&post=4332"}],"curies":[{"name":"wp","href":"https:\/\/api.w.org\/{rel}","templated":true}]}}