{"id":4345,"date":"2021-12-20T14:55:29","date_gmt":"2021-12-20T17:55:29","guid":{"rendered":"https:\/\/casaembalagens.com.br\/produto\/removedor-de-cera-1lt-azulim\/"},"modified":"2022-09-03T09:27:27","modified_gmt":"2022-09-03T12:27:27","slug":"removedor-de-cera-1lt-azulim","status":"publish","type":"product","link":"http:\/\/casaembalagens.com.br\/?product=removedor-de-cera-1lt-azulim","title":{"rendered":"REMOVEDOR DE CERA 1LT (AZULIM)"},"content":{"rendered":"<p>Indicado na limpeza de pisos encardidos, remo\u00e7\u00e3o de ceras antigas, impermeabilizantes acr\u00edlicos, bases seladoras e como desengordurante.<\/p>\n","protected":false},"excerpt":{"rendered":"<p>Indicado na limpeza de pisos encardidos, remo\u00e7\u00e3o de ceras antigas, impermeabilizantes acr\u00edlicos, bases seladoras e como desengordurante.<\/p>\n","protected":false},"featured_media":0,"comment_status":"open","ping_status":"closed","template":"","meta":[],"product_cat":[15],"product_tag":[],"class_list":{"0":"post-4345","1":"product","2":"type-product","3":"status-publish","5":"product_cat-geral","7":"first","8":"instock","9":"shipping-taxable","10":"purchasable","11":"product-type-simple"},"_links":{"self":[{"href":"http:\/\/casaembalagens.com.br\/index.php?rest_route=\/wp\/v2\/product\/4345","targetHints":{"allow":["GET"]}}],"collection":[{"href":"http:\/\/casaembalagens.com.br\/index.php?rest_route=\/wp\/v2\/product"}],"about":[{"href":"http:\/\/casaembalagens.com.br\/index.php?rest_route=\/wp\/v2\/types\/product"}],"replies":[{"embeddable":true,"href":"http:\/\/casaembalagens.com.br\/index.php?rest_route=%2Fwp%2Fv2%2Fcomments&post=4345"}],"wp:attachment":[{"href":"http:\/\/casaembalagens.com.br\/index.php?rest_route=%2Fwp%2Fv2%2Fmedia&parent=4345"}],"wp:term":[{"taxonomy":"product_cat","embeddable":true,"href":"http:\/\/casaembalagens.com.br\/index.php?rest_route=%2Fwp%2Fv2%2Fproduct_cat&post=4345"},{"taxonomy":"product_tag","embeddable":true,"href":"http:\/\/casaembalagens.com.br\/index.php?rest_route=%2Fwp%2Fv2%2Fproduct_tag&post=4345"}],"curies":[{"name":"wp","href":"https:\/\/api.w.org\/{rel}","templated":true}]}}