{"id":4349,"date":"2021-12-20T16:53:54","date_gmt":"2021-12-20T19:53:54","guid":{"rendered":"https:\/\/casaembalagens.com.br\/produto\/multiuso-original-500ml-azulim\/"},"modified":"2023-02-16T11:48:01","modified_gmt":"2023-02-16T14:48:01","slug":"multiuso-original-500ml-azulim","status":"publish","type":"product","link":"http:\/\/casaembalagens.com.br\/?product=multiuso-original-500ml-azulim","title":{"rendered":"MULTIUSO ORIGINAL 500ML (AZULIM)"},"content":{"rendered":"<p>Para todas as superf\u00edcies lav\u00e1veis Pode ser usado em cozinhas, pisos, banheiros. Vers\u00f5es: Campestre, Floratta, Laranja e lim\u00e3o.<\/p>\n","protected":false},"excerpt":{"rendered":"<p>Para todas as superf\u00edcies lav\u00e1veis Pode ser usado em cozinhas, pisos, banheiros. Vers\u00f5es: Campestre, Floratta, Laranja e lim\u00e3o.<\/p>\n","protected":false},"featured_media":0,"comment_status":"open","ping_status":"closed","template":"","meta":[],"product_cat":[15],"product_tag":[],"class_list":{"0":"post-4349","1":"product","2":"type-product","3":"status-publish","5":"product_cat-geral","7":"first","8":"instock","9":"shipping-taxable","10":"purchasable","11":"product-type-simple"},"_links":{"self":[{"href":"http:\/\/casaembalagens.com.br\/index.php?rest_route=\/wp\/v2\/product\/4349","targetHints":{"allow":["GET"]}}],"collection":[{"href":"http:\/\/casaembalagens.com.br\/index.php?rest_route=\/wp\/v2\/product"}],"about":[{"href":"http:\/\/casaembalagens.com.br\/index.php?rest_route=\/wp\/v2\/types\/product"}],"replies":[{"embeddable":true,"href":"http:\/\/casaembalagens.com.br\/index.php?rest_route=%2Fwp%2Fv2%2Fcomments&post=4349"}],"wp:attachment":[{"href":"http:\/\/casaembalagens.com.br\/index.php?rest_route=%2Fwp%2Fv2%2Fmedia&parent=4349"}],"wp:term":[{"taxonomy":"product_cat","embeddable":true,"href":"http:\/\/casaembalagens.com.br\/index.php?rest_route=%2Fwp%2Fv2%2Fproduct_cat&post=4349"},{"taxonomy":"product_tag","embeddable":true,"href":"http:\/\/casaembalagens.com.br\/index.php?rest_route=%2Fwp%2Fv2%2Fproduct_tag&post=4349"}],"curies":[{"name":"wp","href":"https:\/\/api.w.org\/{rel}","templated":true}]}}